{"id":15,"date":"2015-09-02T23:25:15","date_gmt":"2015-09-02T21:25:15","guid":{"rendered":"http:\/\/karlsenfoto.no\/?page_id=15"},"modified":"2021-06-17T20:17:08","modified_gmt":"2021-06-17T18:17:08","slug":"natur","status":"publish","type":"page","link":"https:\/\/karlsenfoto.no\/?page_id=15","title":{"rendered":"Natur"},"content":{"rendered":"\n<div class=\"wp-block-image\"><figure class=\"aligncenter\"><a href=\"https:\/\/karlsenfoto.no\/wp-content\/uploads\/2015\/09\/natur-nordlys-korsvika-tr\u00e6r-071117.jpg\" rel=\"attachment wp-att-1124\"><img loading=\"lazy\" decoding=\"async\" width=\"800\" height=\"528\" src=\"https:\/\/karlsenfoto.no\/wp-content\/uploads\/2015\/09\/natur-nordlys-korsvika-tr\u00e6r-071117.jpg\" alt=\"Nordlyset Aurora Borealis Trondheim 2017\" class=\"wp-image-1124\" srcset=\"https:\/\/karlsenfoto.no\/wp-content\/uploads\/2015\/09\/natur-nordlys-korsvika-tr\u00e6r-071117.jpg 800w, https:\/\/karlsenfoto.no\/wp-content\/uploads\/2015\/09\/natur-nordlys-korsvika-tr\u00e6r-071117-300x198.jpg 300w, https:\/\/karlsenfoto.no\/wp-content\/uploads\/2015\/09\/natur-nordlys-korsvika-tr\u00e6r-071117-768x507.jpg 768w\" sizes=\"auto, (max-width: 800px) 100vw, 800px\" \/><\/a><figcaption>Nordlyset Aurora Borealis Trondheim 2017<\/figcaption><\/figure><\/div>\n\n\n\n<div class=\"wp-block-image\"><figure class=\"aligncenter\"><a href=\"https:\/\/karlsenfoto.no\/wp-content\/uploads\/2015\/09\/natur-nordlys-korsvika-071117.jpg\" rel=\"attachment wp-att-1123\"><img loading=\"lazy\" decoding=\"async\" width=\"800\" height=\"622\" src=\"https:\/\/karlsenfoto.no\/wp-content\/uploads\/2015\/09\/natur-nordlys-korsvika-071117.jpg\" alt=\"Nordlyset Aurora Borealis Trondheim 2017\" class=\"wp-image-1123\" srcset=\"https:\/\/karlsenfoto.no\/wp-content\/uploads\/2015\/09\/natur-nordlys-korsvika-071117.jpg 800w, https:\/\/karlsenfoto.no\/wp-content\/uploads\/2015\/09\/natur-nordlys-korsvika-071117-300x233.jpg 300w, https:\/\/karlsenfoto.no\/wp-content\/uploads\/2015\/09\/natur-nordlys-korsvika-071117-768x597.jpg 768w\" sizes=\"auto, (max-width: 800px) 100vw, 800px\" \/><\/a><figcaption>Nordlyset Aurora Borealis Trondheim 2017<\/figcaption><\/figure><\/div>\n\n\n\n<div class=\"wp-block-image\"><figure class=\"aligncenter\"><a href=\"https:\/\/karlsenfoto.no\/wp-content\/uploads\/2015\/09\/natur-blomster-gul-290617.jpg\" rel=\"attachment wp-att-1122\"><img loading=\"lazy\" decoding=\"async\" width=\"800\" height=\"557\" src=\"https:\/\/karlsenfoto.no\/wp-content\/uploads\/2015\/09\/natur-blomster-gul-290617.jpg\" alt=\"Gul blomster 2017\" class=\"wp-image-1122\" srcset=\"https:\/\/karlsenfoto.no\/wp-content\/uploads\/2015\/09\/natur-blomster-gul-290617.jpg 800w, https:\/\/karlsenfoto.no\/wp-content\/uploads\/2015\/09\/natur-blomster-gul-290617-300x209.jpg 300w, https:\/\/karlsenfoto.no\/wp-content\/uploads\/2015\/09\/natur-blomster-gul-290617-768x535.jpg 768w\" sizes=\"auto, (max-width: 800px) 100vw, 800px\" \/><\/a><figcaption>Gul blomster 2017<\/figcaption><\/figure><\/div>\n\n\n\n<div class=\"wp-block-image\"><figure class=\"aligncenter\"><a href=\"https:\/\/karlsenfoto.no\/wp-content\/uploads\/2015\/09\/natur-ladestien-korsvika-081116.jpg\" rel=\"attachment wp-att-1121\"><img loading=\"lazy\" decoding=\"async\" width=\"800\" height=\"370\" src=\"https:\/\/karlsenfoto.no\/wp-content\/uploads\/2015\/09\/natur-ladestien-korsvika-081116.jpg\" alt=\"Blue Sunset Korsvika 2016\" class=\"wp-image-1121\" srcset=\"https:\/\/karlsenfoto.no\/wp-content\/uploads\/2015\/09\/natur-ladestien-korsvika-081116.jpg 800w, https:\/\/karlsenfoto.no\/wp-content\/uploads\/2015\/09\/natur-ladestien-korsvika-081116-300x139.jpg 300w, https:\/\/karlsenfoto.no\/wp-content\/uploads\/2015\/09\/natur-ladestien-korsvika-081116-768x355.jpg 768w\" sizes=\"auto, (max-width: 800px) 100vw, 800px\" \/><\/a><figcaption>Blue Sunset Korsvika 2016<\/figcaption><\/figure><\/div>\n\n\n\n<div class=\"wp-block-image\"><figure class=\"aligncenter is-resized\"><a href=\"https:\/\/karlsenfoto.no\/wp-content\/uploads\/2015\/09\/natur-blomst-lianvannet-021010.jpg\"><img loading=\"lazy\" decoding=\"async\" src=\"https:\/\/karlsenfoto.no\/wp-content\/uploads\/2015\/09\/natur-blomst-lianvannet-021010-300x202.jpg\" alt=\"natur blomst lianvannet 021010\" class=\"wp-image-16\" width=\"499\" height=\"336\" srcset=\"https:\/\/karlsenfoto.no\/wp-content\/uploads\/2015\/09\/natur-blomst-lianvannet-021010-300x202.jpg 300w, https:\/\/karlsenfoto.no\/wp-content\/uploads\/2015\/09\/natur-blomst-lianvannet-021010-1024x688.jpg 1024w, https:\/\/karlsenfoto.no\/wp-content\/uploads\/2015\/09\/natur-blomst-lianvannet-021010.jpg 1600w\" sizes=\"auto, (max-width: 499px) 100vw, 499px\" \/><\/a><figcaption>Blomster ved Lianvannet<\/figcaption><\/figure><\/div>\n\n\n\n<div class=\"wp-block-image\"><figure class=\"aligncenter is-resized\"><a href=\"https:\/\/karlsenfoto.no\/wp-content\/uploads\/2015\/09\/natur-lyn-mes-290310.jpg\"><img loading=\"lazy\" decoding=\"async\" src=\"https:\/\/karlsenfoto.no\/wp-content\/uploads\/2015\/09\/natur-lyn-mes-290310-300x181.jpg\" alt=\"natur lyn mes 290310\" class=\"wp-image-29\" width=\"503\" height=\"303\" srcset=\"https:\/\/karlsenfoto.no\/wp-content\/uploads\/2015\/09\/natur-lyn-mes-290310-300x181.jpg 300w, https:\/\/karlsenfoto.no\/wp-content\/uploads\/2015\/09\/natur-lyn-mes-290310-1024x618.jpg 1024w, https:\/\/karlsenfoto.no\/wp-content\/uploads\/2015\/09\/natur-lyn-mes-290310.jpg 1600w\" sizes=\"auto, (max-width: 503px) 100vw, 503px\" \/><\/a><figcaption>Lynnedslag 2010<\/figcaption><\/figure><\/div>\n\n\n\n<div class=\"wp-block-image\"><figure class=\"aligncenter is-resized\"><a href=\"https:\/\/karlsenfoto.no\/wp-content\/uploads\/2015\/09\/natur-Lianvannet-061110.jpg\"><img loading=\"lazy\" decoding=\"async\" src=\"https:\/\/karlsenfoto.no\/wp-content\/uploads\/2015\/09\/natur-Lianvannet-061110-300x169.jpg\" alt=\"natur Lianvannet 061110\" class=\"wp-image-28\" width=\"506\" height=\"285\" srcset=\"https:\/\/karlsenfoto.no\/wp-content\/uploads\/2015\/09\/natur-Lianvannet-061110-300x169.jpg 300w, https:\/\/karlsenfoto.no\/wp-content\/uploads\/2015\/09\/natur-Lianvannet-061110-1024x576.jpg 1024w, https:\/\/karlsenfoto.no\/wp-content\/uploads\/2015\/09\/natur-Lianvannet-061110.jpg 1600w\" sizes=\"auto, (max-width: 506px) 100vw, 506px\" \/><\/a><figcaption>Is p\u00e5 vann, Lianvannet 2010<\/figcaption><\/figure><\/div>\n\n\n\n<div class=\"wp-block-image\"><figure class=\"aligncenter is-resized\"><a href=\"https:\/\/karlsenfoto.no\/wp-content\/uploads\/2015\/09\/natur-kornsiv-lianvannet-021010.jpg\"><img loading=\"lazy\" decoding=\"async\" src=\"https:\/\/karlsenfoto.no\/wp-content\/uploads\/2015\/09\/natur-kornsiv-lianvannet-021010-300x194.jpg\" alt=\"natur kornsiv lianvannet 021010\" class=\"wp-image-27\" width=\"512\" height=\"331\" srcset=\"https:\/\/karlsenfoto.no\/wp-content\/uploads\/2015\/09\/natur-kornsiv-lianvannet-021010-300x194.jpg 300w, https:\/\/karlsenfoto.no\/wp-content\/uploads\/2015\/09\/natur-kornsiv-lianvannet-021010-1024x660.jpg 1024w, https:\/\/karlsenfoto.no\/wp-content\/uploads\/2015\/09\/natur-kornsiv-lianvannet-021010.jpg 1600w\" sizes=\"auto, (max-width: 512px) 100vw, 512px\" \/><\/a><figcaption>Kornsiv, Lianvannet 2010<\/figcaption><\/figure><\/div>\n\n\n\n<div class=\"wp-block-image\"><figure class=\"aligncenter is-resized\"><a href=\"https:\/\/karlsenfoto.no\/wp-content\/uploads\/2015\/09\/natur-himmel-solnedgang-bl\u00e5tt-\u00e5lesund-230508.jpg\"><img loading=\"lazy\" decoding=\"async\" src=\"https:\/\/karlsenfoto.no\/wp-content\/uploads\/2015\/09\/natur-himmel-solnedgang-bl\u00e5tt-\u00e5lesund-230508-269x300.jpg\" alt=\"natur himmel solnedgang bl\u00e5tt \u00e5lesund 230508\" class=\"wp-image-26\" width=\"513\" height=\"568\"\/><\/a><figcaption>Solnedgang, \u00c5lesund 2008<\/figcaption><\/figure><\/div>\n\n\n\n<div class=\"wp-block-image\"><figure class=\"aligncenter is-resized\"><a href=\"https:\/\/karlsenfoto.no\/wp-content\/uploads\/2015\/09\/natur-himmel-solnedgang-blader-\u00e5lesund-230508.jpg\"><img loading=\"lazy\" decoding=\"async\" src=\"https:\/\/karlsenfoto.no\/wp-content\/uploads\/2015\/09\/natur-himmel-solnedgang-blader-\u00e5lesund-230508-300x162.jpg\" alt=\"natur himmel solnedgang blader \u00e5lesund 230508\" class=\"wp-image-25\" width=\"514\" height=\"277\" srcset=\"https:\/\/karlsenfoto.no\/wp-content\/uploads\/2015\/09\/natur-himmel-solnedgang-blader-\u00e5lesund-230508-300x162.jpg 300w, https:\/\/karlsenfoto.no\/wp-content\/uploads\/2015\/09\/natur-himmel-solnedgang-blader-\u00e5lesund-230508-1024x554.jpg 1024w, https:\/\/karlsenfoto.no\/wp-content\/uploads\/2015\/09\/natur-himmel-solnedgang-blader-\u00e5lesund-230508.jpg 1600w\" sizes=\"auto, (max-width: 514px) 100vw, 514px\" \/><\/a><figcaption>Solnedgang, \u00c5lesund 2008<\/figcaption><\/figure><\/div>\n\n\n\n<div class=\"wp-block-image\"><figure class=\"aligncenter is-resized\"><a href=\"https:\/\/karlsenfoto.no\/wp-content\/uploads\/2015\/09\/natur-himmel-afgh-solnedgang-skilt.jpg\"><img loading=\"lazy\" decoding=\"async\" src=\"https:\/\/karlsenfoto.no\/wp-content\/uploads\/2015\/09\/natur-himmel-afgh-solnedgang-skilt-300x160.jpg\" alt=\"natur himmel afgh solnedgang skilt\" class=\"wp-image-24\" width=\"515\" height=\"275\" srcset=\"https:\/\/karlsenfoto.no\/wp-content\/uploads\/2015\/09\/natur-himmel-afgh-solnedgang-skilt-300x160.jpg 300w, https:\/\/karlsenfoto.no\/wp-content\/uploads\/2015\/09\/natur-himmel-afgh-solnedgang-skilt-1024x547.jpg 1024w, https:\/\/karlsenfoto.no\/wp-content\/uploads\/2015\/09\/natur-himmel-afgh-solnedgang-skilt.jpg 1600w\" sizes=\"auto, (max-width: 515px) 100vw, 515px\" \/><\/a><figcaption>Solnedgang bak skilt<\/figcaption><\/figure><\/div>\n\n\n\n<div class=\"wp-block-image\"><figure class=\"aligncenter is-resized\"><a href=\"https:\/\/karlsenfoto.no\/wp-content\/uploads\/2015\/09\/natur-himmel-afgh-solnedgang-piggtr\u00e5d.jpg\"><img loading=\"lazy\" decoding=\"async\" src=\"https:\/\/karlsenfoto.no\/wp-content\/uploads\/2015\/09\/natur-himmel-afgh-solnedgang-piggtr\u00e5d-300x157.jpg\" alt=\"natur himmel afgh solnedgang piggtr\u00e5d\" class=\"wp-image-23\" width=\"516\" height=\"270\" srcset=\"https:\/\/karlsenfoto.no\/wp-content\/uploads\/2015\/09\/natur-himmel-afgh-solnedgang-piggtr\u00e5d-300x157.jpg 300w, https:\/\/karlsenfoto.no\/wp-content\/uploads\/2015\/09\/natur-himmel-afgh-solnedgang-piggtr\u00e5d-1024x536.jpg 1024w, https:\/\/karlsenfoto.no\/wp-content\/uploads\/2015\/09\/natur-himmel-afgh-solnedgang-piggtr\u00e5d.jpg 1600w\" sizes=\"auto, (max-width: 516px) 100vw, 516px\" \/><\/a><figcaption>Solnedgang bak piggtr\u00e5d<\/figcaption><\/figure><\/div>\n\n\n\n<div class=\"wp-block-image\"><figure class=\"aligncenter is-resized\"><a href=\"https:\/\/karlsenfoto.no\/wp-content\/uploads\/2015\/09\/natur-flagg-sol-140707.jpg\"><img loading=\"lazy\" decoding=\"async\" src=\"https:\/\/karlsenfoto.no\/wp-content\/uploads\/2015\/09\/natur-flagg-sol-140707-211x300.jpg\" alt=\"natur flagg sol 140707\" class=\"wp-image-22\" width=\"519\" height=\"738\" srcset=\"https:\/\/karlsenfoto.no\/wp-content\/uploads\/2015\/09\/natur-flagg-sol-140707-211x300.jpg 211w, https:\/\/karlsenfoto.no\/wp-content\/uploads\/2015\/09\/natur-flagg-sol-140707-721x1024.jpg 721w, https:\/\/karlsenfoto.no\/wp-content\/uploads\/2015\/09\/natur-flagg-sol-140707.jpg 1126w\" sizes=\"auto, (max-width: 519px) 100vw, 519px\" \/><\/a><figcaption>Det norske flagget skjermer sola<\/figcaption><\/figure><\/div>\n\n\n\n<div class=\"wp-block-image\"><figure class=\"aligncenter is-resized\"><a href=\"https:\/\/karlsenfoto.no\/wp-content\/uploads\/2015\/09\/natur-flagg-p4-holmenkollen-140315.jpg\"><img loading=\"lazy\" decoding=\"async\" src=\"https:\/\/karlsenfoto.no\/wp-content\/uploads\/2015\/09\/natur-flagg-p4-holmenkollen-140315-300x144.jpg\" alt=\"natur flagg p4 holmenkollen 140315\" class=\"wp-image-21\" width=\"522\" height=\"251\" srcset=\"https:\/\/karlsenfoto.no\/wp-content\/uploads\/2015\/09\/natur-flagg-p4-holmenkollen-140315-300x144.jpg 300w, https:\/\/karlsenfoto.no\/wp-content\/uploads\/2015\/09\/natur-flagg-p4-holmenkollen-140315-1024x492.jpg 1024w, https:\/\/karlsenfoto.no\/wp-content\/uploads\/2015\/09\/natur-flagg-p4-holmenkollen-140315.jpg 1600w\" sizes=\"auto, (max-width: 522px) 100vw, 522px\" \/><\/a><figcaption>P4 blant norske flagg<\/figcaption><\/figure><\/div>\n\n\n\n<div class=\"wp-block-image\"><figure class=\"aligncenter is-resized\"><a href=\"https:\/\/karlsenfoto.no\/wp-content\/uploads\/2015\/09\/natur-flagg-310108.jpg\"><img loading=\"lazy\" decoding=\"async\" src=\"https:\/\/karlsenfoto.no\/wp-content\/uploads\/2015\/09\/natur-flagg-310108-300x204.jpg\" alt=\"natur flagg 310108\" class=\"wp-image-20\" width=\"522\" height=\"355\" srcset=\"https:\/\/karlsenfoto.no\/wp-content\/uploads\/2015\/09\/natur-flagg-310108-300x204.jpg 300w, https:\/\/karlsenfoto.no\/wp-content\/uploads\/2015\/09\/natur-flagg-310108-1024x698.jpg 1024w, https:\/\/karlsenfoto.no\/wp-content\/uploads\/2015\/09\/natur-flagg-310108.jpg 1600w\" sizes=\"auto, (max-width: 522px) 100vw, 522px\" \/><\/a><figcaption>Norske flagg vaier p\u00e5 tribunen<\/figcaption><\/figure><\/div>\n\n\n\n<div class=\"wp-block-image\"><figure class=\"aligncenter is-resized\"><a href=\"https:\/\/karlsenfoto.no\/wp-content\/uploads\/2015\/09\/natur-elv-sh-240709.jpg\"><img loading=\"lazy\" decoding=\"async\" src=\"https:\/\/karlsenfoto.no\/wp-content\/uploads\/2015\/09\/natur-elv-sh-240709-300x163.jpg\" alt=\"natur elv sh 240709\" class=\"wp-image-19\" width=\"523\" height=\"284\" srcset=\"https:\/\/karlsenfoto.no\/wp-content\/uploads\/2015\/09\/natur-elv-sh-240709-300x163.jpg 300w, https:\/\/karlsenfoto.no\/wp-content\/uploads\/2015\/09\/natur-elv-sh-240709-1024x557.jpg 1024w, https:\/\/karlsenfoto.no\/wp-content\/uploads\/2015\/09\/natur-elv-sh-240709.jpg 1600w\" sizes=\"auto, (max-width: 523px) 100vw, 523px\" \/><\/a><figcaption>Elvesildring, Lillehammer<\/figcaption><\/figure><\/div>\n\n\n\n<div class=\"wp-block-image\"><figure class=\"aligncenter is-resized\"><a href=\"https:\/\/karlsenfoto.no\/wp-content\/uploads\/2015\/09\/natur-Dragvoll-070207-003skygge.jpg\"><img loading=\"lazy\" decoding=\"async\" src=\"https:\/\/karlsenfoto.no\/wp-content\/uploads\/2015\/09\/natur-Dragvoll-070207-003skygge-199x300.jpg\" alt=\"natur Dragvoll 070207 003skygge\" class=\"wp-image-18\" width=\"527\" height=\"794\" srcset=\"https:\/\/karlsenfoto.no\/wp-content\/uploads\/2015\/09\/natur-Dragvoll-070207-003skygge-199x300.jpg 199w, https:\/\/karlsenfoto.no\/wp-content\/uploads\/2015\/09\/natur-Dragvoll-070207-003skygge.jpg 1060w\" sizes=\"auto, (max-width: 527px) 100vw, 527px\" \/><\/a><figcaption>Solskinn i vinter-Norge<\/figcaption><\/figure><\/div>\n\n\n\n<div class=\"wp-block-image\"><figure class=\"aligncenter is-resized\"><a href=\"https:\/\/karlsenfoto.no\/wp-content\/uploads\/2015\/09\/natur-b\u00e6r-301209.jpg\"><img loading=\"lazy\" decoding=\"async\" src=\"https:\/\/karlsenfoto.no\/wp-content\/uploads\/2015\/09\/natur-b\u00e6r-301209-300x159.jpg\" alt=\"natur b\u00e6r 301209\" class=\"wp-image-17\" width=\"530\" height=\"281\" srcset=\"https:\/\/karlsenfoto.no\/wp-content\/uploads\/2015\/09\/natur-b\u00e6r-301209-300x159.jpg 300w, https:\/\/karlsenfoto.no\/wp-content\/uploads\/2015\/09\/natur-b\u00e6r-301209-1024x544.jpg 1024w, https:\/\/karlsenfoto.no\/wp-content\/uploads\/2015\/09\/natur-b\u00e6r-301209.jpg 1600w\" sizes=\"auto, (max-width: 530px) 100vw, 530px\" \/><\/a><figcaption>Sn\u00f8dekt b\u00e6r<\/figcaption><\/figure><\/div>\n\n\n\n<div class=\"wp-block-image\"><figure class=\"aligncenter is-resized\"><a href=\"https:\/\/karlsenfoto.no\/wp-content\/uploads\/2015\/09\/natur-Sommeren07-071str\u00e5-bru.jpg\"><img loading=\"lazy\" decoding=\"async\" src=\"https:\/\/karlsenfoto.no\/wp-content\/uploads\/2015\/09\/natur-Sommeren07-071str\u00e5-bru-300x142.jpg\" alt=\"natur Sommeren07 071str\u00e5 bru\" class=\"wp-image-34\" width=\"530\" height=\"251\" srcset=\"https:\/\/karlsenfoto.no\/wp-content\/uploads\/2015\/09\/natur-Sommeren07-071str\u00e5-bru-300x142.jpg 300w, https:\/\/karlsenfoto.no\/wp-content\/uploads\/2015\/09\/natur-Sommeren07-071str\u00e5-bru-1024x486.jpg 1024w, https:\/\/karlsenfoto.no\/wp-content\/uploads\/2015\/09\/natur-Sommeren07-071str\u00e5-bru.jpg 1600w\" sizes=\"auto, (max-width: 530px) 100vw, 530px\" \/><\/a><figcaption>Str\u00e5 foran Helgelandsbrua<\/figcaption><\/figure><\/div>\n\n\n\n<div class=\"wp-block-image\"><figure class=\"aligncenter is-resized\"><a href=\"https:\/\/karlsenfoto.no\/wp-content\/uploads\/2015\/09\/natur-sol-himmel-010110.jpg\"><img loading=\"lazy\" decoding=\"async\" src=\"https:\/\/karlsenfoto.no\/wp-content\/uploads\/2015\/09\/natur-sol-himmel-010110-300x162.jpg\" alt=\"natur sol himmel 010110\" class=\"wp-image-33\" width=\"528\" height=\"285\" srcset=\"https:\/\/karlsenfoto.no\/wp-content\/uploads\/2015\/09\/natur-sol-himmel-010110-300x162.jpg 300w, https:\/\/karlsenfoto.no\/wp-content\/uploads\/2015\/09\/natur-sol-himmel-010110-1024x554.jpg 1024w, https:\/\/karlsenfoto.no\/wp-content\/uploads\/2015\/09\/natur-sol-himmel-010110.jpg 1600w\" sizes=\"auto, (max-width: 528px) 100vw, 528px\" \/><\/a><figcaption>Solnedgang p\u00e5 Helgeland<\/figcaption><\/figure><\/div>\n\n\n\n<div class=\"wp-block-image\"><figure class=\"aligncenter is-resized\"><a href=\"https:\/\/karlsenfoto.no\/wp-content\/uploads\/2015\/09\/natur-rotvoll-120211.jpg\"><img loading=\"lazy\" decoding=\"async\" src=\"https:\/\/karlsenfoto.no\/wp-content\/uploads\/2015\/09\/natur-rotvoll-120211-300x190.jpg\" alt=\"natur Rotvoll 120211\" class=\"wp-image-32\" width=\"531\" height=\"336\" srcset=\"https:\/\/karlsenfoto.no\/wp-content\/uploads\/2015\/09\/natur-rotvoll-120211-300x190.jpg 300w, https:\/\/karlsenfoto.no\/wp-content\/uploads\/2015\/09\/natur-rotvoll-120211-1024x647.jpg 1024w, https:\/\/karlsenfoto.no\/wp-content\/uploads\/2015\/09\/natur-rotvoll-120211.jpg 1600w\" sizes=\"auto, (max-width: 531px) 100vw, 531px\" \/><\/a><figcaption>Is p\u00e5 frossen bakke, Rotvoll 2011<\/figcaption><\/figure><\/div>\n\n\n\n<div class=\"wp-block-image\"><figure class=\"aligncenter is-resized\"><a href=\"https:\/\/karlsenfoto.no\/wp-content\/uploads\/2015\/09\/natur-mil-afgh-st\u00f8vsky-konstrast-gr\u00f8nn-\u00e5ker.jpg\"><img loading=\"lazy\" decoding=\"async\" src=\"https:\/\/karlsenfoto.no\/wp-content\/uploads\/2015\/09\/natur-mil-afgh-st\u00f8vsky-konstrast-gr\u00f8nn-\u00e5ker-300x119.jpg\" alt=\"natur mil afgh st\u00f8vsky konstrast gr\u00f8nn \u00e5ker!\" class=\"wp-image-30\" width=\"532\" height=\"211\" srcset=\"https:\/\/karlsenfoto.no\/wp-content\/uploads\/2015\/09\/natur-mil-afgh-st\u00f8vsky-konstrast-gr\u00f8nn-\u00e5ker-300x119.jpg 300w, https:\/\/karlsenfoto.no\/wp-content\/uploads\/2015\/09\/natur-mil-afgh-st\u00f8vsky-konstrast-gr\u00f8nn-\u00e5ker-1024x404.jpg 1024w, https:\/\/karlsenfoto.no\/wp-content\/uploads\/2015\/09\/natur-mil-afgh-st\u00f8vsky-konstrast-gr\u00f8nn-\u00e5ker.jpg 1600w\" sizes=\"auto, (max-width: 532px) 100vw, 532px\" \/><\/a><figcaption>Kontrast i \u00f8rken<\/figcaption><\/figure><\/div>\n\n\n\n<div class=\"wp-block-image\"><figure class=\"aligncenter size-large is-resized\"><a href=\"https:\/\/karlsenfoto.no\/wp-content\/uploads\/2021\/06\/natur-himmel-solnedgang-korsvika-030621-2-scaled.jpg\"><img loading=\"lazy\" decoding=\"async\" src=\"https:\/\/karlsenfoto.no\/wp-content\/uploads\/2021\/06\/natur-himmel-solnedgang-korsvika-030621-2-1024x768.jpg\" alt=\"\" class=\"wp-image-1286\" width=\"534\" height=\"400\" srcset=\"https:\/\/karlsenfoto.no\/wp-content\/uploads\/2021\/06\/natur-himmel-solnedgang-korsvika-030621-2-1024x768.jpg 1024w, https:\/\/karlsenfoto.no\/wp-content\/uploads\/2021\/06\/natur-himmel-solnedgang-korsvika-030621-2-300x225.jpg 300w, https:\/\/karlsenfoto.no\/wp-content\/uploads\/2021\/06\/natur-himmel-solnedgang-korsvika-030621-2-768x576.jpg 768w, https:\/\/karlsenfoto.no\/wp-content\/uploads\/2021\/06\/natur-himmel-solnedgang-korsvika-030621-2-1536x1152.jpg 1536w, https:\/\/karlsenfoto.no\/wp-content\/uploads\/2021\/06\/natur-himmel-solnedgang-korsvika-030621-2-2048x1536.jpg 2048w\" sizes=\"auto, (max-width: 534px) 100vw, 534px\" \/><\/a><figcaption>Sunset, Trondheim<\/figcaption><\/figure><\/div>\n\n\n\n<div class=\"wp-block-image\"><figure class=\"aligncenter size-large is-resized\"><a href=\"https:\/\/karlsenfoto.no\/wp-content\/uploads\/2021\/06\/natur-himmel-solnedgang-korsvika-030621-scaled.jpg\"><img loading=\"lazy\" decoding=\"async\" src=\"https:\/\/karlsenfoto.no\/wp-content\/uploads\/2021\/06\/natur-himmel-solnedgang-korsvika-030621-1024x768.jpg\" alt=\"\" class=\"wp-image-1289\" width=\"534\" height=\"400\" srcset=\"https:\/\/karlsenfoto.no\/wp-content\/uploads\/2021\/06\/natur-himmel-solnedgang-korsvika-030621-1024x768.jpg 1024w, https:\/\/karlsenfoto.no\/wp-content\/uploads\/2021\/06\/natur-himmel-solnedgang-korsvika-030621-300x225.jpg 300w, https:\/\/karlsenfoto.no\/wp-content\/uploads\/2021\/06\/natur-himmel-solnedgang-korsvika-030621-768x576.jpg 768w, https:\/\/karlsenfoto.no\/wp-content\/uploads\/2021\/06\/natur-himmel-solnedgang-korsvika-030621-1536x1152.jpg 1536w, https:\/\/karlsenfoto.no\/wp-content\/uploads\/2021\/06\/natur-himmel-solnedgang-korsvika-030621-2048x1536.jpg 2048w\" sizes=\"auto, (max-width: 534px) 100vw, 534px\" \/><\/a><figcaption>Sunset, Trondheim<\/figcaption><\/figure><\/div>\n\n\n\n<div class=\"wp-block-image\"><figure class=\"aligncenter size-large is-resized\"><a href=\"https:\/\/karlsenfoto.no\/wp-content\/uploads\/2021\/06\/natur-host-290920-2-scaled.jpg\"><img loading=\"lazy\" decoding=\"async\" src=\"https:\/\/karlsenfoto.no\/wp-content\/uploads\/2021\/06\/natur-host-290920-2-683x1024.jpg\" alt=\"\" class=\"wp-image-1291\" width=\"535\" height=\"802\" srcset=\"https:\/\/karlsenfoto.no\/wp-content\/uploads\/2021\/06\/natur-host-290920-2-683x1024.jpg 683w, https:\/\/karlsenfoto.no\/wp-content\/uploads\/2021\/06\/natur-host-290920-2-200x300.jpg 200w, https:\/\/karlsenfoto.no\/wp-content\/uploads\/2021\/06\/natur-host-290920-2-768x1151.jpg 768w, https:\/\/karlsenfoto.no\/wp-content\/uploads\/2021\/06\/natur-host-290920-2-1025x1536.jpg 1025w, https:\/\/karlsenfoto.no\/wp-content\/uploads\/2021\/06\/natur-host-290920-2-1367x2048.jpg 1367w, https:\/\/karlsenfoto.no\/wp-content\/uploads\/2021\/06\/natur-host-290920-2-scaled.jpg 1708w\" sizes=\"auto, (max-width: 535px) 100vw, 535px\" \/><\/a><figcaption>H\u00f8stsol, Trondheim<\/figcaption><\/figure><\/div>\n\n\n\n<div class=\"wp-block-image\"><figure class=\"aligncenter size-large is-resized\"><a href=\"https:\/\/karlsenfoto.no\/wp-content\/uploads\/2021\/06\/natur-host-290920-scaled.jpg\"><img loading=\"lazy\" decoding=\"async\" src=\"https:\/\/karlsenfoto.no\/wp-content\/uploads\/2021\/06\/natur-host-290920-1024x690.jpg\" alt=\"\" class=\"wp-image-1293\" width=\"539\" height=\"363\" srcset=\"https:\/\/karlsenfoto.no\/wp-content\/uploads\/2021\/06\/natur-host-290920-1024x690.jpg 1024w, https:\/\/karlsenfoto.no\/wp-content\/uploads\/2021\/06\/natur-host-290920-300x202.jpg 300w, https:\/\/karlsenfoto.no\/wp-content\/uploads\/2021\/06\/natur-host-290920-768x517.jpg 768w, https:\/\/karlsenfoto.no\/wp-content\/uploads\/2021\/06\/natur-host-290920-1536x1035.jpg 1536w, https:\/\/karlsenfoto.no\/wp-content\/uploads\/2021\/06\/natur-host-290920-2048x1379.jpg 2048w\" sizes=\"auto, (max-width: 539px) 100vw, 539px\" \/><\/a><figcaption>H\u00f8stl\u00f8v, Trondheim<\/figcaption><\/figure><\/div>\n\n\n\n<div class=\"wp-block-image\"><figure class=\"aligncenter size-large is-resized\"><a href=\"https:\/\/karlsenfoto.no\/wp-content\/uploads\/2021\/06\/natur-host-290920-4-scaled.jpg\"><img loading=\"lazy\" decoding=\"async\" src=\"https:\/\/karlsenfoto.no\/wp-content\/uploads\/2021\/06\/natur-host-290920-4-1024x675.jpg\" alt=\"\" class=\"wp-image-1295\" width=\"536\" height=\"353\" srcset=\"https:\/\/karlsenfoto.no\/wp-content\/uploads\/2021\/06\/natur-host-290920-4-1024x675.jpg 1024w, https:\/\/karlsenfoto.no\/wp-content\/uploads\/2021\/06\/natur-host-290920-4-300x198.jpg 300w, https:\/\/karlsenfoto.no\/wp-content\/uploads\/2021\/06\/natur-host-290920-4-768x506.jpg 768w, https:\/\/karlsenfoto.no\/wp-content\/uploads\/2021\/06\/natur-host-290920-4-1536x1012.jpg 1536w, https:\/\/karlsenfoto.no\/wp-content\/uploads\/2021\/06\/natur-host-290920-4-2048x1350.jpg 2048w\" sizes=\"auto, (max-width: 536px) 100vw, 536px\" \/><\/a><figcaption>H\u00f8stfarger, Trondheim<\/figcaption><\/figure><\/div>\n","protected":false},"excerpt":{"rendered":"","protected":false},"author":1,"featured_media":0,"parent":360,"menu_order":6,"comment_status":"open","ping_status":"closed","template":"page-templates\/full-width.php","meta":{"footnotes":""},"class_list":["post-15","page","type-page","status-publish","hentry"],"_links":{"self":[{"href":"https:\/\/karlsenfoto.no\/index.php?rest_route=\/wp\/v2\/pages\/15","targetHints":{"allow":["GET"]}}],"collection":[{"href":"https:\/\/karlsenfoto.no\/index.php?rest_route=\/wp\/v2\/pages"}],"about":[{"href":"https:\/\/karlsenfoto.no\/index.php?rest_route=\/wp\/v2\/types\/page"}],"author":[{"embeddable":true,"href":"https:\/\/karlsenfoto.no\/index.php?rest_route=\/wp\/v2\/users\/1"}],"replies":[{"embeddable":true,"href":"https:\/\/karlsenfoto.no\/index.php?rest_route=%2Fwp%2Fv2%2Fcomments&post=15"}],"version-history":[{"count":12,"href":"https:\/\/karlsenfoto.no\/index.php?rest_route=\/wp\/v2\/pages\/15\/revisions"}],"predecessor-version":[{"id":1296,"href":"https:\/\/karlsenfoto.no\/index.php?rest_route=\/wp\/v2\/pages\/15\/revisions\/1296"}],"up":[{"embeddable":true,"href":"https:\/\/karlsenfoto.no\/index.php?rest_route=\/wp\/v2\/pages\/360"}],"wp:attachment":[{"href":"https:\/\/karlsenfoto.no\/index.php?rest_route=%2Fwp%2Fv2%2Fmedia&parent=15"}],"curies":[{"name":"wp","href":"https:\/\/api.w.org\/{rel}","templated":true}]}}